{"id":3092,"date":"2019-06-24T14:56:17","date_gmt":"2019-06-24T12:56:17","guid":{"rendered":"https:\/\/dev-marcouyeux.allyouneediscom.net\/le-cabinet\/"},"modified":"2021-05-06T09:31:20","modified_gmt":"2021-05-06T07:31:20","slug":"the-firm","status":"publish","type":"page","link":"https:\/\/www.marcouyeux-associees.com\/en\/the-firm\/","title":{"rendered":"The Firm"},"content":{"rendered":"<section   class=\"fw-main-row-custom fw-main-row-top fw-section-no-padding  auto fw-content-vertical-align-middle fw-section-position-back tf-sh-98a6df3d19eb8c9e2686ef4ac7167709\"    >\n\t\t\t<div class=\"fw-container\" >\n\t\t<div class=\"fw-row\">\n\t<div id=\"column-69f5d2a6a0cfa\" class=\"fw-col-sm-12 tf-sh-c1816caea9c88b41f10e072491285dd3\" >\n\t<div class=\"fw-wrap-col-inner clearfix  \"   >\n\t\t\t\t<div class=\"fw-col-inner\">\n\t\t\t<div class=\"fw-heading fw-heading-center  tf-sh-8d481212d1943990532441532f40e4b3\" >\n\t\t\t<h1 class=\"fw-special-title\">The Firm<\/h1>\n\t\n\t\n\t<\/div><div class=\"fw-divider-space space-md  clearfix\"  ><\/div>\t\t<\/div>\n\t<\/div>\n<\/div><\/div>\n\n<div class=\"fw-row\">\n\t<div id=\"column-69f5d2a6a1636\" class=\"fw-col-sm-4 tf-sh-02ae08db5ea55fc6d383abd97a85544b\" >\n\t<div class=\"fw-wrap-col-inner clearfix  \"   >\n\t\t\t\t<div class=\"fw-col-inner\">\n\t\t\t\n\t\n\t\t<div class=\"fw-block-image-parent  \"  style=\"width: 100%; \">\n\t\t\t<span class=\"fw-block-image-child fw-ratio-3-4 fw-ratio-container\">\n\t\t\t\t<noscript itemscope itemtype=\"https:\/\/schema.org\/ImageObject\" itemprop=\"image\"><img decoding=\"async\" src=\"https:\/\/www.marcouyeux-associees.com\/wp-content\/uploads\/2021\/05\/f-marcouyeux-MP-9169-bis.jpg\"  alt=\"f-marcouyeux-MP-9169-bis\" data-maxdpr=\"1.7\" class=\"lazyload\" \/><meta itemprop=\"url\" content=\"https:\/\/www.marcouyeux-associees.com\/wp-content\/uploads\/2021\/05\/f-marcouyeux-MP-9169-bis.jpg\"><meta itemprop=\"width\" content=\"812\"><meta itemprop=\"height\" content=\"1078\"><\/noscript><img decoding=\"async\" src=\"data:image\/gif;base64,R0lGODlhAQABAIAAAAAAAP\/\/\/yH5BAEAAAAALAAAAAABAAEAAAIBRAA7\" data-sizes=\"auto\" data-srcset=\"https:\/\/www.marcouyeux-associees.com\/wp-content\/uploads\/2021\/05\/f-marcouyeux-MP-9169-bis-226x300.jpg 226w, https:\/\/www.marcouyeux-associees.com\/wp-content\/uploads\/2021\/05\/f-marcouyeux-MP-9169-bis-771x1024.jpg 771w, https:\/\/www.marcouyeux-associees.com\/wp-content\/uploads\/2021\/05\/f-marcouyeux-MP-9169-bis-768x1020.jpg 768w, https:\/\/www.marcouyeux-associees.com\/wp-content\/uploads\/2021\/05\/f-marcouyeux-MP-9169-bis-295x393.jpg 295w, https:\/\/www.marcouyeux-associees.com\/wp-content\/uploads\/2021\/05\/f-marcouyeux-MP-9169-bis-590x786.jpg 590w, https:\/\/www.marcouyeux-associees.com\/wp-content\/uploads\/2021\/05\/f-marcouyeux-MP-9169-bis.jpg 812w\"   alt=\"f-marcouyeux-MP-9169-bis\" data-maxdpr=\"1.7\" class=\"lazyload\" \/>\t\t\t\t\t\t\t<\/span>\n\t\t<\/div>\n\n\t\n\t\t<\/div>\n\t<\/div>\n<\/div><div id=\"column-69f5d2a6a2624\" class=\"fw-col-sm-8 tf-sh-8cdf380a3db7a1cf12481ebdf52abe9a\" >\n\t<div class=\"fw-wrap-col-inner clearfix  \"   >\n\t\t\t\t<div class=\"fw-col-inner\">\n\t\t\t<div class=\"fw-divider-space  fw-custom-space  clearfix\" style=\"height:9px;\" ><\/div><div class=\"fw-text-box tf-sh-bb94abbe4e0e91e7b9a47b8fd77b248d \" >\n\t<div class=\"fw-text-inner\">\n\t\t<p style=\"text-align: justify;\">The Firm, which has historically specialised in the transport and logistics sectors, has enlarged its legal team and practice areas to satisfy the ever-increasing demands of its partner clients.<\/p>\n<p style=\"text-align: justify;\">The diversification of our skills and our profound interest in corporate work has ensured that our practice areas have gradually enlarged both nationally and internationally.<\/p>\n<p style=\"text-align: justify;\">Our clients therefore benefit from our complete independence and collective commitment to optimise strategy, advice and defence for each case we are instructed with.<\/p>\n<p style=\"text-align: justify;\">The culture which is shared across the Firm has been enriched by a broad experience and knowledge of legal advice as well as court work.<\/p>\n<p style=\"text-align: justify;\">We know the operational pressures facing our clients and we ensure that we are completely available in cases which sometimes require immediate action.<\/p>\n\t<\/div>\n<\/div>\t\t<\/div>\n\t<\/div>\n<\/div><\/div>\n\n\t<\/div>\n\t<\/section>\n","protected":false},"excerpt":{"rendered":"<p>The Firm The Firm, which has historically specialised in the transport and logistics sectors, has enlarged its legal team and practice areas to satisfy the ever-increasing demands of its partner clients. The diversification of our skills and our profound interest in corporate work has ensured that our practice areas have gradually enlarged both nationally and [&hellip;]<\/p>\n","protected":false},"author":2,"featured_media":0,"parent":0,"menu_order":0,"comment_status":"closed","ping_status":"closed","template":"","meta":{"inline_featured_image":false,"footnotes":""},"class_list":["post-3092","page","type-page","status-publish","hentry"],"yoast_head":"<!-- This site is optimized with the Yoast SEO plugin v25.6 - https:\/\/yoast.com\/wordpress\/plugins\/seo\/ -->\n<title>The Firm - Marcouyeux &amp; Associ\u00e9es<\/title>\n<meta name=\"robots\" content=\"index, follow, max-snippet:-1, max-image-preview:large, max-video-preview:-1\" \/>\n<link rel=\"canonical\" href=\"https:\/\/www.marcouyeux-associees.com\/en\/the-firm\/\" \/>\n<meta property=\"og:locale\" content=\"en_US\" \/>\n<meta property=\"og:type\" content=\"article\" \/>\n<meta property=\"og:title\" content=\"The Firm - Marcouyeux &amp; Associ\u00e9es\" \/>\n<meta property=\"og:description\" content=\"The Firm The Firm, which has historically specialised in the transport and logistics sectors, has enlarged its legal team and practice areas to satisfy the ever-increasing demands of its partner clients. The diversification of our skills and our profound interest in corporate work has ensured that our practice areas have gradually enlarged both nationally and [&hellip;]\" \/>\n<meta property=\"og:url\" content=\"https:\/\/www.marcouyeux-associees.com\/en\/the-firm\/\" \/>\n<meta property=\"og:site_name\" content=\"Marcouyeux &amp; Associ\u00e9es\" \/>\n<meta property=\"article:modified_time\" content=\"2021-05-06T07:31:20+00:00\" \/>\n<meta property=\"og:image\" content=\"https:\/\/www.marcouyeux-associees.com\/wp-content\/uploads\/2021\/05\/f-marcouyeux-MP-9169-bis.jpg\" \/>\n<meta name=\"twitter:card\" content=\"summary_large_image\" \/>\n<meta name=\"twitter:label1\" content=\"Est. reading time\" \/>\n\t<meta name=\"twitter:data1\" content=\"1 minute\" \/>\n<script type=\"application\/ld+json\" class=\"yoast-schema-graph\">{\"@context\":\"https:\/\/schema.org\",\"@graph\":[{\"@type\":\"WebPage\",\"@id\":\"https:\/\/www.marcouyeux-associees.com\/en\/the-firm\/\",\"url\":\"https:\/\/www.marcouyeux-associees.com\/en\/the-firm\/\",\"name\":\"The Firm - Marcouyeux &amp; Associ\u00e9es\",\"isPartOf\":{\"@id\":\"https:\/\/www.marcouyeux-associees.com\/en\/#website\"},\"primaryImageOfPage\":{\"@id\":\"https:\/\/www.marcouyeux-associees.com\/en\/the-firm\/#primaryimage\"},\"image\":{\"@id\":\"https:\/\/www.marcouyeux-associees.com\/en\/the-firm\/#primaryimage\"},\"thumbnailUrl\":\"https:\/\/www.marcouyeux-associees.com\/wp-content\/uploads\/2021\/05\/f-marcouyeux-MP-9169-bis.jpg\",\"datePublished\":\"2019-06-24T12:56:17+00:00\",\"dateModified\":\"2021-05-06T07:31:20+00:00\",\"breadcrumb\":{\"@id\":\"https:\/\/www.marcouyeux-associees.com\/en\/the-firm\/#breadcrumb\"},\"inLanguage\":\"en-US\",\"potentialAction\":[{\"@type\":\"ReadAction\",\"target\":[\"https:\/\/www.marcouyeux-associees.com\/en\/the-firm\/\"]}]},{\"@type\":\"ImageObject\",\"inLanguage\":\"en-US\",\"@id\":\"https:\/\/www.marcouyeux-associees.com\/en\/the-firm\/#primaryimage\",\"url\":\"https:\/\/www.marcouyeux-associees.com\/wp-content\/uploads\/2021\/05\/f-marcouyeux-MP-9169-bis.jpg\",\"contentUrl\":\"https:\/\/www.marcouyeux-associees.com\/wp-content\/uploads\/2021\/05\/f-marcouyeux-MP-9169-bis.jpg\"},{\"@type\":\"BreadcrumbList\",\"@id\":\"https:\/\/www.marcouyeux-associees.com\/en\/the-firm\/#breadcrumb\",\"itemListElement\":[{\"@type\":\"ListItem\",\"position\":1,\"name\":\"Home\",\"item\":\"https:\/\/www.marcouyeux-associees.com\/en\/\"},{\"@type\":\"ListItem\",\"position\":2,\"name\":\"The Firm\"}]},{\"@type\":\"WebSite\",\"@id\":\"https:\/\/www.marcouyeux-associees.com\/en\/#website\",\"url\":\"https:\/\/www.marcouyeux-associees.com\/en\/\",\"name\":\"Marcouyeux &amp; Associ\u00e9es\",\"description\":\"Cabinet d&#039;avocats \u00e0 Marseille sp\u00e9cialis\u00e9 en Droit des transports et Droit maritime\",\"publisher\":{\"@id\":\"https:\/\/www.marcouyeux-associees.com\/en\/#organization\"},\"potentialAction\":[{\"@type\":\"SearchAction\",\"target\":{\"@type\":\"EntryPoint\",\"urlTemplate\":\"https:\/\/www.marcouyeux-associees.com\/en\/?s={search_term_string}\"},\"query-input\":{\"@type\":\"PropertyValueSpecification\",\"valueRequired\":true,\"valueName\":\"search_term_string\"}}],\"inLanguage\":\"en-US\"},{\"@type\":\"Organization\",\"@id\":\"https:\/\/www.marcouyeux-associees.com\/en\/#organization\",\"name\":\"Cabinet d'Avocats Marcouyeux et Associ\u00e9es\",\"url\":\"https:\/\/www.marcouyeux-associees.com\/en\/\",\"logo\":{\"@type\":\"ImageObject\",\"inLanguage\":\"en-US\",\"@id\":\"https:\/\/www.marcouyeux-associees.com\/en\/#\/schema\/logo\/image\/\",\"url\":\"https:\/\/www.marcouyeux-associees.com\/wp-content\/uploads\/2019\/04\/logo-marcouyeux-square.png\",\"contentUrl\":\"https:\/\/www.marcouyeux-associees.com\/wp-content\/uploads\/2019\/04\/logo-marcouyeux-square.png\",\"width\":500,\"height\":500,\"caption\":\"Cabinet d'Avocats Marcouyeux et Associ\u00e9es\"},\"image\":{\"@id\":\"https:\/\/www.marcouyeux-associees.com\/en\/#\/schema\/logo\/image\/\"}}]}<\/script>\n<!-- \/ Yoast SEO plugin. -->","yoast_head_json":{"title":"The Firm - Marcouyeux &amp; Associ\u00e9es","robots":{"index":"index","follow":"follow","max-snippet":"max-snippet:-1","max-image-preview":"max-image-preview:large","max-video-preview":"max-video-preview:-1"},"canonical":"https:\/\/www.marcouyeux-associees.com\/en\/the-firm\/","og_locale":"en_US","og_type":"article","og_title":"The Firm - Marcouyeux &amp; Associ\u00e9es","og_description":"The Firm The Firm, which has historically specialised in the transport and logistics sectors, has enlarged its legal team and practice areas to satisfy the ever-increasing demands of its partner clients. The diversification of our skills and our profound interest in corporate work has ensured that our practice areas have gradually enlarged both nationally and [&hellip;]","og_url":"https:\/\/www.marcouyeux-associees.com\/en\/the-firm\/","og_site_name":"Marcouyeux &amp; Associ\u00e9es","article_modified_time":"2021-05-06T07:31:20+00:00","og_image":[{"url":"https:\/\/www.marcouyeux-associees.com\/wp-content\/uploads\/2021\/05\/f-marcouyeux-MP-9169-bis.jpg","type":"","width":"","height":""}],"twitter_card":"summary_large_image","twitter_misc":{"Est. reading time":"1 minute"},"schema":{"@context":"https:\/\/schema.org","@graph":[{"@type":"WebPage","@id":"https:\/\/www.marcouyeux-associees.com\/en\/the-firm\/","url":"https:\/\/www.marcouyeux-associees.com\/en\/the-firm\/","name":"The Firm - Marcouyeux &amp; Associ\u00e9es","isPartOf":{"@id":"https:\/\/www.marcouyeux-associees.com\/en\/#website"},"primaryImageOfPage":{"@id":"https:\/\/www.marcouyeux-associees.com\/en\/the-firm\/#primaryimage"},"image":{"@id":"https:\/\/www.marcouyeux-associees.com\/en\/the-firm\/#primaryimage"},"thumbnailUrl":"https:\/\/www.marcouyeux-associees.com\/wp-content\/uploads\/2021\/05\/f-marcouyeux-MP-9169-bis.jpg","datePublished":"2019-06-24T12:56:17+00:00","dateModified":"2021-05-06T07:31:20+00:00","breadcrumb":{"@id":"https:\/\/www.marcouyeux-associees.com\/en\/the-firm\/#breadcrumb"},"inLanguage":"en-US","potentialAction":[{"@type":"ReadAction","target":["https:\/\/www.marcouyeux-associees.com\/en\/the-firm\/"]}]},{"@type":"ImageObject","inLanguage":"en-US","@id":"https:\/\/www.marcouyeux-associees.com\/en\/the-firm\/#primaryimage","url":"https:\/\/www.marcouyeux-associees.com\/wp-content\/uploads\/2021\/05\/f-marcouyeux-MP-9169-bis.jpg","contentUrl":"https:\/\/www.marcouyeux-associees.com\/wp-content\/uploads\/2021\/05\/f-marcouyeux-MP-9169-bis.jpg"},{"@type":"BreadcrumbList","@id":"https:\/\/www.marcouyeux-associees.com\/en\/the-firm\/#breadcrumb","itemListElement":[{"@type":"ListItem","position":1,"name":"Home","item":"https:\/\/www.marcouyeux-associees.com\/en\/"},{"@type":"ListItem","position":2,"name":"The Firm"}]},{"@type":"WebSite","@id":"https:\/\/www.marcouyeux-associees.com\/en\/#website","url":"https:\/\/www.marcouyeux-associees.com\/en\/","name":"Marcouyeux &amp; Associ\u00e9es","description":"Cabinet d&#039;avocats \u00e0 Marseille sp\u00e9cialis\u00e9 en Droit des transports et Droit maritime","publisher":{"@id":"https:\/\/www.marcouyeux-associees.com\/en\/#organization"},"potentialAction":[{"@type":"SearchAction","target":{"@type":"EntryPoint","urlTemplate":"https:\/\/www.marcouyeux-associees.com\/en\/?s={search_term_string}"},"query-input":{"@type":"PropertyValueSpecification","valueRequired":true,"valueName":"search_term_string"}}],"inLanguage":"en-US"},{"@type":"Organization","@id":"https:\/\/www.marcouyeux-associees.com\/en\/#organization","name":"Cabinet d'Avocats Marcouyeux et Associ\u00e9es","url":"https:\/\/www.marcouyeux-associees.com\/en\/","logo":{"@type":"ImageObject","inLanguage":"en-US","@id":"https:\/\/www.marcouyeux-associees.com\/en\/#\/schema\/logo\/image\/","url":"https:\/\/www.marcouyeux-associees.com\/wp-content\/uploads\/2019\/04\/logo-marcouyeux-square.png","contentUrl":"https:\/\/www.marcouyeux-associees.com\/wp-content\/uploads\/2019\/04\/logo-marcouyeux-square.png","width":500,"height":500,"caption":"Cabinet d'Avocats Marcouyeux et Associ\u00e9es"},"image":{"@id":"https:\/\/www.marcouyeux-associees.com\/en\/#\/schema\/logo\/image\/"}}]}},"_links":{"self":[{"href":"https:\/\/www.marcouyeux-associees.com\/en\/wp-json\/wp\/v2\/pages\/3092"}],"collection":[{"href":"https:\/\/www.marcouyeux-associees.com\/en\/wp-json\/wp\/v2\/pages"}],"about":[{"href":"https:\/\/www.marcouyeux-associees.com\/en\/wp-json\/wp\/v2\/types\/page"}],"author":[{"embeddable":true,"href":"https:\/\/www.marcouyeux-associees.com\/en\/wp-json\/wp\/v2\/users\/2"}],"replies":[{"embeddable":true,"href":"https:\/\/www.marcouyeux-associees.com\/en\/wp-json\/wp\/v2\/comments?post=3092"}],"version-history":[{"count":8,"href":"https:\/\/www.marcouyeux-associees.com\/en\/wp-json\/wp\/v2\/pages\/3092\/revisions"}],"predecessor-version":[{"id":4341,"href":"https:\/\/www.marcouyeux-associees.com\/en\/wp-json\/wp\/v2\/pages\/3092\/revisions\/4341"}],"wp:attachment":[{"href":"https:\/\/www.marcouyeux-associees.com\/en\/wp-json\/wp\/v2\/media?parent=3092"}],"curies":[{"name":"wp","href":"https:\/\/api.w.org\/{rel}","templated":true}]}}