{"id":3518,"date":"2019-06-26T13:49:53","date_gmt":"2019-06-26T11:49:53","guid":{"rendered":"https:\/\/dev-marcouyeux.allyouneediscom.net\/honoraires\/"},"modified":"2019-06-28T11:41:40","modified_gmt":"2019-06-28T09:41:40","slug":"fees","status":"publish","type":"page","link":"https:\/\/www.marcouyeux-associees.com\/en\/fees\/","title":{"rendered":"Fees"},"content":{"rendered":"<section   class=\"fw-main-row-custom fw-main-row-top fw-section-no-padding  auto  fw-section-position-back tf-sh-c0ec19a2e053b46424d4eb6811b041ec\"    >\n\t\t\t<div class=\"fw-container\" >\n\t\t<div class=\"fw-row\">\n\t<div id=\"column-69f5156c59d32\" class=\"fw-col-sm-12 tf-sh-85fbd0728624d8d326f27edede427595\" >\n\t<div class=\"fw-wrap-col-inner clearfix  \"   >\n\t\t\t\t<div class=\"fw-col-inner\">\n\t\t\t<div class=\"fw-heading fw-heading-center  tf-sh-a079b0afa795cee3ca63a5d2c07e38d4\" >\n\t\t\t<h1 class=\"fw-special-title\">Fees<\/h1>\n\t\n\t\n\t<\/div><div class=\"fw-divider-space space-md  clearfix\"  ><\/div>\t\t<\/div>\n\t<\/div>\n<\/div><\/div>\n\n<div class=\"fw-row\">\n\t<div id=\"column-69f5156c5a86b\" class=\"fw-tablet-hide-element  fw-col-sm-4 fw-mobile-hide-element tf-sh-d90b927001d6b2fab9d82a773fdbd1ac\" >\n\t<div class=\"fw-wrap-col-inner clearfix  \"   >\n\t\t\t\t<div class=\"fw-col-inner\">\n\t\t\t\n\t\n\t\t<div class=\"fw-block-image-parent  \"  style=\"width: 100%; \">\n\t\t\t<span class=\"fw-block-image-child fw-ratio-2-3 fw-ratio-container\">\n\t\t\t\t<noscript itemscope itemtype=\"https:\/\/schema.org\/ImageObject\" itemprop=\"image\"><img decoding=\"async\" src=\"https:\/\/www.marcouyeux-associees.com\/wp-content\/uploads\/2019\/06\/Marcouyeux-Associe\u0301es\u00a9MP-9521.jpg\"  alt=\"Marcouyeux&#038; Associe\u0301es\u00a9MP-9521\" data-maxdpr=\"1.7\" class=\"lazyload\" \/><meta itemprop=\"url\" content=\"https:\/\/www.marcouyeux-associees.com\/wp-content\/uploads\/2019\/06\/Marcouyeux-Associe\u0301es\u00a9MP-9521.jpg\"><meta itemprop=\"width\" content=\"2500\"><meta itemprop=\"height\" content=\"3745\"><\/noscript><img decoding=\"async\" src=\"data:image\/gif;base64,R0lGODlhAQABAIAAAAAAAP\/\/\/yH5BAEAAAAALAAAAAABAAEAAAIBRAA7\" data-sizes=\"auto\" data-srcset=\"https:\/\/www.marcouyeux-associees.com\/wp-content\/uploads\/2019\/06\/Marcouyeux-Associe\u0301es\u00a9MP-9521-200x300.jpg 200w, https:\/\/www.marcouyeux-associees.com\/wp-content\/uploads\/2019\/06\/Marcouyeux-Associe\u0301es\u00a9MP-9521-768x1150.jpg 768w, https:\/\/www.marcouyeux-associees.com\/wp-content\/uploads\/2019\/06\/Marcouyeux-Associe\u0301es\u00a9MP-9521-684x1024.jpg 684w, https:\/\/www.marcouyeux-associees.com\/wp-content\/uploads\/2019\/06\/Marcouyeux-Associe\u0301es\u00a9MP-9521.jpg 2500w\"   alt=\"Marcouyeux&#038; Associe\u0301es\u00a9MP-9521\" data-maxdpr=\"1.7\" class=\"lazyload\" \/>\t\t\t\t\t\t\t<\/span>\n\t\t<\/div>\n\n\t\n\t\t<\/div>\n\t<\/div>\n<\/div><div id=\"column-69f5156c5b62b\" class=\"fw-col-sm-8 tf-sh-c2e64e81a109495a491725627b2825f8\" >\n\t<div class=\"fw-wrap-col-inner clearfix  \"   >\n\t\t\t\t<div class=\"fw-col-inner\">\n\t\t\t<div class=\"fw-divider-space space-sm  clearfix\"  ><\/div><div class=\"fw-text-box tf-sh-c007bc14c6fa6a21d27cb155bf9508f2 \" >\n\t<div class=\"fw-text-inner\">\n\t\t<p style=\"text-align:justify;\">Our fees are fixed freely either for specific assignments or in a framework agreement.<\/p>\n<p style=\"text-align:justify;\">We favour billing on a \"time spent\" basis if the nature of the assignment does not allow us to properly assess the time required to accomplish it.<\/p>\n<p style=\"text-align:justify;\">Some work can be billed at an agreed inclusive rate after the first meeting, which is not billed, followed by an examination of the client's documents.<\/p>\n<p style=\"text-align:justify;\">An additional success fee may be charged once the case has been completed which will reduce the flat rate or hourly fee. The success fee is fixed in an initial agreement or is freely negotiated once the objective has been achieved.<\/p>\n<p style=\"text-align:justify;\">If recurrent requirements are established over a 12-month period, we can offer our clients subscriptions for unlimited permanent legal support.<\/p>\n\t<\/div>\n<\/div>\t\t<\/div>\n\t<\/div>\n<\/div><\/div>\n\n\t<\/div>\n\t<\/section>\n","protected":false},"excerpt":{"rendered":"<p>Fees Our fees are fixed freely either for specific assignments or in a framework agreement. We favour billing on a &#8220;time spent&#8221; basis if the nature of the assignment does not allow us to properly assess the time required to accomplish it. Some work can be billed at an agreed inclusive rate after the first [&hellip;]<\/p>\n","protected":false},"author":2,"featured_media":0,"parent":0,"menu_order":0,"comment_status":"closed","ping_status":"closed","template":"","meta":{"inline_featured_image":false,"footnotes":""},"class_list":["post-3518","page","type-page","status-publish","hentry"],"yoast_head":"<!-- This site is optimized with the Yoast SEO plugin v25.6 - https:\/\/yoast.com\/wordpress\/plugins\/seo\/ -->\n<title>Fees - Marcouyeux &amp; Associ\u00e9es<\/title>\n<meta name=\"robots\" content=\"index, follow, max-snippet:-1, max-image-preview:large, max-video-preview:-1\" \/>\n<link rel=\"canonical\" href=\"https:\/\/www.marcouyeux-associees.com\/en\/fees\/\" \/>\n<meta property=\"og:locale\" content=\"en_US\" \/>\n<meta property=\"og:type\" content=\"article\" \/>\n<meta property=\"og:title\" content=\"Fees - Marcouyeux &amp; Associ\u00e9es\" \/>\n<meta property=\"og:description\" content=\"Fees Our fees are fixed freely either for specific assignments or in a framework agreement. We favour billing on a &quot;time spent&quot; basis if the nature of the assignment does not allow us to properly assess the time required to accomplish it. Some work can be billed at an agreed inclusive rate after the first [&hellip;]\" \/>\n<meta property=\"og:url\" content=\"https:\/\/www.marcouyeux-associees.com\/en\/fees\/\" \/>\n<meta property=\"og:site_name\" content=\"Marcouyeux &amp; Associ\u00e9es\" \/>\n<meta property=\"article:modified_time\" content=\"2019-06-28T09:41:40+00:00\" \/>\n<meta property=\"og:image\" content=\"https:\/\/www.marcouyeux-associees.com\/wp-content\/uploads\/2019\/06\/Marcouyeux-Associe\u0301es\u00a9MP-9521.jpg\" \/>\n<meta name=\"twitter:card\" content=\"summary_large_image\" \/>\n<meta name=\"twitter:label1\" content=\"Est. reading time\" \/>\n\t<meta name=\"twitter:data1\" content=\"1 minute\" \/>\n<script type=\"application\/ld+json\" class=\"yoast-schema-graph\">{\"@context\":\"https:\/\/schema.org\",\"@graph\":[{\"@type\":\"WebPage\",\"@id\":\"https:\/\/www.marcouyeux-associees.com\/en\/fees\/\",\"url\":\"https:\/\/www.marcouyeux-associees.com\/en\/fees\/\",\"name\":\"Fees - Marcouyeux &amp; Associ\u00e9es\",\"isPartOf\":{\"@id\":\"https:\/\/www.marcouyeux-associees.com\/en\/#website\"},\"datePublished\":\"2019-06-26T11:49:53+00:00\",\"dateModified\":\"2019-06-28T09:41:40+00:00\",\"breadcrumb\":{\"@id\":\"https:\/\/www.marcouyeux-associees.com\/en\/fees\/#breadcrumb\"},\"inLanguage\":\"en-US\",\"potentialAction\":[{\"@type\":\"ReadAction\",\"target\":[\"https:\/\/www.marcouyeux-associees.com\/en\/fees\/\"]}]},{\"@type\":\"BreadcrumbList\",\"@id\":\"https:\/\/www.marcouyeux-associees.com\/en\/fees\/#breadcrumb\",\"itemListElement\":[{\"@type\":\"ListItem\",\"position\":1,\"name\":\"Home\",\"item\":\"https:\/\/www.marcouyeux-associees.com\/en\/\"},{\"@type\":\"ListItem\",\"position\":2,\"name\":\"Fees\"}]},{\"@type\":\"WebSite\",\"@id\":\"https:\/\/www.marcouyeux-associees.com\/en\/#website\",\"url\":\"https:\/\/www.marcouyeux-associees.com\/en\/\",\"name\":\"Marcouyeux &amp; Associ\u00e9es\",\"description\":\"Cabinet d&#039;avocats \u00e0 Marseille sp\u00e9cialis\u00e9 en Droit des transports et Droit maritime\",\"publisher\":{\"@id\":\"https:\/\/www.marcouyeux-associees.com\/en\/#organization\"},\"potentialAction\":[{\"@type\":\"SearchAction\",\"target\":{\"@type\":\"EntryPoint\",\"urlTemplate\":\"https:\/\/www.marcouyeux-associees.com\/en\/?s={search_term_string}\"},\"query-input\":{\"@type\":\"PropertyValueSpecification\",\"valueRequired\":true,\"valueName\":\"search_term_string\"}}],\"inLanguage\":\"en-US\"},{\"@type\":\"Organization\",\"@id\":\"https:\/\/www.marcouyeux-associees.com\/en\/#organization\",\"name\":\"Cabinet d'Avocats Marcouyeux et Associ\u00e9es\",\"url\":\"https:\/\/www.marcouyeux-associees.com\/en\/\",\"logo\":{\"@type\":\"ImageObject\",\"inLanguage\":\"en-US\",\"@id\":\"https:\/\/www.marcouyeux-associees.com\/en\/#\/schema\/logo\/image\/\",\"url\":\"https:\/\/www.marcouyeux-associees.com\/wp-content\/uploads\/2019\/04\/logo-marcouyeux-square.png\",\"contentUrl\":\"https:\/\/www.marcouyeux-associees.com\/wp-content\/uploads\/2019\/04\/logo-marcouyeux-square.png\",\"width\":500,\"height\":500,\"caption\":\"Cabinet d'Avocats Marcouyeux et Associ\u00e9es\"},\"image\":{\"@id\":\"https:\/\/www.marcouyeux-associees.com\/en\/#\/schema\/logo\/image\/\"}}]}<\/script>\n<!-- \/ Yoast SEO plugin. -->","yoast_head_json":{"title":"Fees - Marcouyeux &amp; Associ\u00e9es","robots":{"index":"index","follow":"follow","max-snippet":"max-snippet:-1","max-image-preview":"max-image-preview:large","max-video-preview":"max-video-preview:-1"},"canonical":"https:\/\/www.marcouyeux-associees.com\/en\/fees\/","og_locale":"en_US","og_type":"article","og_title":"Fees - Marcouyeux &amp; Associ\u00e9es","og_description":"Fees Our fees are fixed freely either for specific assignments or in a framework agreement. We favour billing on a \"time spent\" basis if the nature of the assignment does not allow us to properly assess the time required to accomplish it. Some work can be billed at an agreed inclusive rate after the first [&hellip;]","og_url":"https:\/\/www.marcouyeux-associees.com\/en\/fees\/","og_site_name":"Marcouyeux &amp; Associ\u00e9es","article_modified_time":"2019-06-28T09:41:40+00:00","og_image":[{"url":"https:\/\/www.marcouyeux-associees.com\/wp-content\/uploads\/2019\/06\/Marcouyeux-Associe\u0301es\u00a9MP-9521.jpg","type":"","width":"","height":""}],"twitter_card":"summary_large_image","twitter_misc":{"Est. reading time":"1 minute"},"schema":{"@context":"https:\/\/schema.org","@graph":[{"@type":"WebPage","@id":"https:\/\/www.marcouyeux-associees.com\/en\/fees\/","url":"https:\/\/www.marcouyeux-associees.com\/en\/fees\/","name":"Fees - Marcouyeux &amp; Associ\u00e9es","isPartOf":{"@id":"https:\/\/www.marcouyeux-associees.com\/en\/#website"},"datePublished":"2019-06-26T11:49:53+00:00","dateModified":"2019-06-28T09:41:40+00:00","breadcrumb":{"@id":"https:\/\/www.marcouyeux-associees.com\/en\/fees\/#breadcrumb"},"inLanguage":"en-US","potentialAction":[{"@type":"ReadAction","target":["https:\/\/www.marcouyeux-associees.com\/en\/fees\/"]}]},{"@type":"BreadcrumbList","@id":"https:\/\/www.marcouyeux-associees.com\/en\/fees\/#breadcrumb","itemListElement":[{"@type":"ListItem","position":1,"name":"Home","item":"https:\/\/www.marcouyeux-associees.com\/en\/"},{"@type":"ListItem","position":2,"name":"Fees"}]},{"@type":"WebSite","@id":"https:\/\/www.marcouyeux-associees.com\/en\/#website","url":"https:\/\/www.marcouyeux-associees.com\/en\/","name":"Marcouyeux &amp; Associ\u00e9es","description":"Cabinet d&#039;avocats \u00e0 Marseille sp\u00e9cialis\u00e9 en Droit des transports et Droit maritime","publisher":{"@id":"https:\/\/www.marcouyeux-associees.com\/en\/#organization"},"potentialAction":[{"@type":"SearchAction","target":{"@type":"EntryPoint","urlTemplate":"https:\/\/www.marcouyeux-associees.com\/en\/?s={search_term_string}"},"query-input":{"@type":"PropertyValueSpecification","valueRequired":true,"valueName":"search_term_string"}}],"inLanguage":"en-US"},{"@type":"Organization","@id":"https:\/\/www.marcouyeux-associees.com\/en\/#organization","name":"Cabinet d'Avocats Marcouyeux et Associ\u00e9es","url":"https:\/\/www.marcouyeux-associees.com\/en\/","logo":{"@type":"ImageObject","inLanguage":"en-US","@id":"https:\/\/www.marcouyeux-associees.com\/en\/#\/schema\/logo\/image\/","url":"https:\/\/www.marcouyeux-associees.com\/wp-content\/uploads\/2019\/04\/logo-marcouyeux-square.png","contentUrl":"https:\/\/www.marcouyeux-associees.com\/wp-content\/uploads\/2019\/04\/logo-marcouyeux-square.png","width":500,"height":500,"caption":"Cabinet d'Avocats Marcouyeux et Associ\u00e9es"},"image":{"@id":"https:\/\/www.marcouyeux-associees.com\/en\/#\/schema\/logo\/image\/"}}]}},"_links":{"self":[{"href":"https:\/\/www.marcouyeux-associees.com\/en\/wp-json\/wp\/v2\/pages\/3518"}],"collection":[{"href":"https:\/\/www.marcouyeux-associees.com\/en\/wp-json\/wp\/v2\/pages"}],"about":[{"href":"https:\/\/www.marcouyeux-associees.com\/en\/wp-json\/wp\/v2\/types\/page"}],"author":[{"embeddable":true,"href":"https:\/\/www.marcouyeux-associees.com\/en\/wp-json\/wp\/v2\/users\/2"}],"replies":[{"embeddable":true,"href":"https:\/\/www.marcouyeux-associees.com\/en\/wp-json\/wp\/v2\/comments?post=3518"}],"version-history":[{"count":2,"href":"https:\/\/www.marcouyeux-associees.com\/en\/wp-json\/wp\/v2\/pages\/3518\/revisions"}],"predecessor-version":[{"id":3521,"href":"https:\/\/www.marcouyeux-associees.com\/en\/wp-json\/wp\/v2\/pages\/3518\/revisions\/3521"}],"wp:attachment":[{"href":"https:\/\/www.marcouyeux-associees.com\/en\/wp-json\/wp\/v2\/media?parent=3518"}],"curies":[{"name":"wp","href":"https:\/\/api.w.org\/{rel}","templated":true}]}}