{"id":3523,"date":"2019-06-26T11:16:56","date_gmt":"2019-06-26T09:16:56","guid":{"rendered":"https:\/\/dev-marcouyeux.allyouneediscom.net\/nos-partenaires-a-votre-service\/"},"modified":"2019-06-28T11:51:58","modified_gmt":"2019-06-28T09:51:58","slug":"our-partners-to-serve-you","status":"publish","type":"page","link":"https:\/\/www.marcouyeux-associees.com\/en\/our-partners-to-serve-you\/","title":{"rendered":"Our partners to serve you"},"content":{"rendered":"<section   class=\"fw-main-row-custom fw-main-row-top fw-section-no-padding  auto  fw-section-position-back tf-sh-9c88b38c6aa316bf1a4e2e46c8bbe39b\"    >\n\t\t\t<div class=\"fw-container\" >\n\t\t<div class=\"fw-row\">\n\t<div id=\"column-69f9b7dd7d607\" class=\"fw-col-sm-12 tf-sh-51b3da19844d288b6b4bfd80770f694f\" >\n\t<div class=\"fw-wrap-col-inner clearfix  \"   >\n\t\t\t\t<div class=\"fw-col-inner\">\n\t\t\t<div class=\"fw-heading fw-heading-center  tf-sh-c2f038501010ccf7f205a2c988d92bb5\" >\n\t\t\t<h1 class=\"fw-special-title\">Our partners to serve you<\/h1>\n\t\n\t\n\t<\/div>\t\t<\/div>\n\t<\/div>\n<\/div><\/div>\n\n<div class=\"fw-row\">\n\t<div id=\"column-69f9b7dd7dc0f\" class=\"fw-col-sm-12 tf-sh-51b3da19844d288b6b4bfd80770f694f\" >\n\t<div class=\"fw-wrap-col-inner clearfix  \"   >\n\t\t\t\t<div class=\"fw-col-inner\">\n\t\t\t<div class=\"fw-divider-space space-md  clearfix\"  ><\/div>\t\t<\/div>\n\t<\/div>\n<\/div><\/div>\n\n<div class=\"fw-row\">\n\t<div id=\"column-69f9b7dd7e1a4\" class=\"fw-col-sm-12 tf-sh-51b3da19844d288b6b4bfd80770f694f\" >\n\t<div class=\"fw-wrap-col-inner clearfix  \"   >\n\t\t\t\t<div class=\"fw-col-inner\">\n\t\t\t<div class=\"fw-text-box tf-sh-fcaf43ccd7146a953000e5d4829d012f \" >\n\t<div class=\"fw-text-inner\">\n\t\t<p style=\"text-align:justify;\">The Firm has partnerships with fellow lawyers, notaries, court bailiffs, statutory auditors and court experts who share our values of discipline, method and reactivity.<\/p>\n<p style=\"text-align:justify;\">This network is also available to our clients.<\/p>\n<p style=\"text-align:justify;\">The Firm advances its partners' fees on behalf of its clients to ensure that urgent missions are performed immediately, thus lightening the administrative burden of cases.<\/p>\n\t<\/div>\n<\/div>\t\t<\/div>\n\t<\/div>\n<\/div><\/div>\n\n\t<\/div>\n\t<\/section>\n","protected":false},"excerpt":{"rendered":"<p>Our partners to serve you The Firm has partnerships with fellow lawyers, notaries, court bailiffs, statutory auditors and court experts who share our values of discipline, method and reactivity. This network is also available to our clients. The Firm advances its partners&#8217; fees on behalf of its clients to ensure that urgent missions are performed [&hellip;]<\/p>\n","protected":false},"author":2,"featured_media":0,"parent":0,"menu_order":0,"comment_status":"closed","ping_status":"closed","template":"","meta":{"inline_featured_image":false,"footnotes":""},"class_list":["post-3523","page","type-page","status-publish","hentry"],"yoast_head":"<!-- This site is optimized with the Yoast SEO plugin v25.6 - https:\/\/yoast.com\/wordpress\/plugins\/seo\/ -->\n<title>Our partners to serve you - Marcouyeux &amp; Associ\u00e9es<\/title>\n<meta name=\"robots\" content=\"index, follow, max-snippet:-1, max-image-preview:large, max-video-preview:-1\" \/>\n<link rel=\"canonical\" href=\"https:\/\/www.marcouyeux-associees.com\/en\/our-partners-to-serve-you\/\" \/>\n<meta property=\"og:locale\" content=\"en_US\" \/>\n<meta property=\"og:type\" content=\"article\" \/>\n<meta property=\"og:title\" content=\"Our partners to serve you - Marcouyeux &amp; Associ\u00e9es\" \/>\n<meta property=\"og:description\" content=\"Our partners to serve you The Firm has partnerships with fellow lawyers, notaries, court bailiffs, statutory auditors and court experts who share our values of discipline, method and reactivity. This network is also available to our clients. The Firm advances its partners&#039; fees on behalf of its clients to ensure that urgent missions are performed [&hellip;]\" \/>\n<meta property=\"og:url\" content=\"https:\/\/www.marcouyeux-associees.com\/en\/our-partners-to-serve-you\/\" \/>\n<meta property=\"og:site_name\" content=\"Marcouyeux &amp; Associ\u00e9es\" \/>\n<meta property=\"article:modified_time\" content=\"2019-06-28T09:51:58+00:00\" \/>\n<meta name=\"twitter:card\" content=\"summary_large_image\" \/>\n<script type=\"application\/ld+json\" class=\"yoast-schema-graph\">{\"@context\":\"https:\/\/schema.org\",\"@graph\":[{\"@type\":\"WebPage\",\"@id\":\"https:\/\/www.marcouyeux-associees.com\/en\/our-partners-to-serve-you\/\",\"url\":\"https:\/\/www.marcouyeux-associees.com\/en\/our-partners-to-serve-you\/\",\"name\":\"Our partners to serve you - Marcouyeux &amp; Associ\u00e9es\",\"isPartOf\":{\"@id\":\"https:\/\/www.marcouyeux-associees.com\/en\/#website\"},\"datePublished\":\"2019-06-26T09:16:56+00:00\",\"dateModified\":\"2019-06-28T09:51:58+00:00\",\"breadcrumb\":{\"@id\":\"https:\/\/www.marcouyeux-associees.com\/en\/our-partners-to-serve-you\/#breadcrumb\"},\"inLanguage\":\"en-US\",\"potentialAction\":[{\"@type\":\"ReadAction\",\"target\":[\"https:\/\/www.marcouyeux-associees.com\/en\/our-partners-to-serve-you\/\"]}]},{\"@type\":\"BreadcrumbList\",\"@id\":\"https:\/\/www.marcouyeux-associees.com\/en\/our-partners-to-serve-you\/#breadcrumb\",\"itemListElement\":[{\"@type\":\"ListItem\",\"position\":1,\"name\":\"Home\",\"item\":\"https:\/\/www.marcouyeux-associees.com\/en\/\"},{\"@type\":\"ListItem\",\"position\":2,\"name\":\"Our partners to serve you\"}]},{\"@type\":\"WebSite\",\"@id\":\"https:\/\/www.marcouyeux-associees.com\/en\/#website\",\"url\":\"https:\/\/www.marcouyeux-associees.com\/en\/\",\"name\":\"Marcouyeux &amp; Associ\u00e9es\",\"description\":\"Cabinet d&#039;avocats \u00e0 Marseille sp\u00e9cialis\u00e9 en Droit des transports et Droit maritime\",\"publisher\":{\"@id\":\"https:\/\/www.marcouyeux-associees.com\/en\/#organization\"},\"potentialAction\":[{\"@type\":\"SearchAction\",\"target\":{\"@type\":\"EntryPoint\",\"urlTemplate\":\"https:\/\/www.marcouyeux-associees.com\/en\/?s={search_term_string}\"},\"query-input\":{\"@type\":\"PropertyValueSpecification\",\"valueRequired\":true,\"valueName\":\"search_term_string\"}}],\"inLanguage\":\"en-US\"},{\"@type\":\"Organization\",\"@id\":\"https:\/\/www.marcouyeux-associees.com\/en\/#organization\",\"name\":\"Cabinet d'Avocats Marcouyeux et Associ\u00e9es\",\"url\":\"https:\/\/www.marcouyeux-associees.com\/en\/\",\"logo\":{\"@type\":\"ImageObject\",\"inLanguage\":\"en-US\",\"@id\":\"https:\/\/www.marcouyeux-associees.com\/en\/#\/schema\/logo\/image\/\",\"url\":\"https:\/\/www.marcouyeux-associees.com\/wp-content\/uploads\/2019\/04\/logo-marcouyeux-square.png\",\"contentUrl\":\"https:\/\/www.marcouyeux-associees.com\/wp-content\/uploads\/2019\/04\/logo-marcouyeux-square.png\",\"width\":500,\"height\":500,\"caption\":\"Cabinet d'Avocats Marcouyeux et Associ\u00e9es\"},\"image\":{\"@id\":\"https:\/\/www.marcouyeux-associees.com\/en\/#\/schema\/logo\/image\/\"}}]}<\/script>\n<!-- \/ Yoast SEO plugin. -->","yoast_head_json":{"title":"Our partners to serve you - Marcouyeux &amp; Associ\u00e9es","robots":{"index":"index","follow":"follow","max-snippet":"max-snippet:-1","max-image-preview":"max-image-preview:large","max-video-preview":"max-video-preview:-1"},"canonical":"https:\/\/www.marcouyeux-associees.com\/en\/our-partners-to-serve-you\/","og_locale":"en_US","og_type":"article","og_title":"Our partners to serve you - Marcouyeux &amp; Associ\u00e9es","og_description":"Our partners to serve you The Firm has partnerships with fellow lawyers, notaries, court bailiffs, statutory auditors and court experts who share our values of discipline, method and reactivity. This network is also available to our clients. The Firm advances its partners' fees on behalf of its clients to ensure that urgent missions are performed [&hellip;]","og_url":"https:\/\/www.marcouyeux-associees.com\/en\/our-partners-to-serve-you\/","og_site_name":"Marcouyeux &amp; Associ\u00e9es","article_modified_time":"2019-06-28T09:51:58+00:00","twitter_card":"summary_large_image","schema":{"@context":"https:\/\/schema.org","@graph":[{"@type":"WebPage","@id":"https:\/\/www.marcouyeux-associees.com\/en\/our-partners-to-serve-you\/","url":"https:\/\/www.marcouyeux-associees.com\/en\/our-partners-to-serve-you\/","name":"Our partners to serve you - Marcouyeux &amp; Associ\u00e9es","isPartOf":{"@id":"https:\/\/www.marcouyeux-associees.com\/en\/#website"},"datePublished":"2019-06-26T09:16:56+00:00","dateModified":"2019-06-28T09:51:58+00:00","breadcrumb":{"@id":"https:\/\/www.marcouyeux-associees.com\/en\/our-partners-to-serve-you\/#breadcrumb"},"inLanguage":"en-US","potentialAction":[{"@type":"ReadAction","target":["https:\/\/www.marcouyeux-associees.com\/en\/our-partners-to-serve-you\/"]}]},{"@type":"BreadcrumbList","@id":"https:\/\/www.marcouyeux-associees.com\/en\/our-partners-to-serve-you\/#breadcrumb","itemListElement":[{"@type":"ListItem","position":1,"name":"Home","item":"https:\/\/www.marcouyeux-associees.com\/en\/"},{"@type":"ListItem","position":2,"name":"Our partners to serve you"}]},{"@type":"WebSite","@id":"https:\/\/www.marcouyeux-associees.com\/en\/#website","url":"https:\/\/www.marcouyeux-associees.com\/en\/","name":"Marcouyeux &amp; Associ\u00e9es","description":"Cabinet d&#039;avocats \u00e0 Marseille sp\u00e9cialis\u00e9 en Droit des transports et Droit maritime","publisher":{"@id":"https:\/\/www.marcouyeux-associees.com\/en\/#organization"},"potentialAction":[{"@type":"SearchAction","target":{"@type":"EntryPoint","urlTemplate":"https:\/\/www.marcouyeux-associees.com\/en\/?s={search_term_string}"},"query-input":{"@type":"PropertyValueSpecification","valueRequired":true,"valueName":"search_term_string"}}],"inLanguage":"en-US"},{"@type":"Organization","@id":"https:\/\/www.marcouyeux-associees.com\/en\/#organization","name":"Cabinet d'Avocats Marcouyeux et Associ\u00e9es","url":"https:\/\/www.marcouyeux-associees.com\/en\/","logo":{"@type":"ImageObject","inLanguage":"en-US","@id":"https:\/\/www.marcouyeux-associees.com\/en\/#\/schema\/logo\/image\/","url":"https:\/\/www.marcouyeux-associees.com\/wp-content\/uploads\/2019\/04\/logo-marcouyeux-square.png","contentUrl":"https:\/\/www.marcouyeux-associees.com\/wp-content\/uploads\/2019\/04\/logo-marcouyeux-square.png","width":500,"height":500,"caption":"Cabinet d'Avocats Marcouyeux et Associ\u00e9es"},"image":{"@id":"https:\/\/www.marcouyeux-associees.com\/en\/#\/schema\/logo\/image\/"}}]}},"_links":{"self":[{"href":"https:\/\/www.marcouyeux-associees.com\/en\/wp-json\/wp\/v2\/pages\/3523"}],"collection":[{"href":"https:\/\/www.marcouyeux-associees.com\/en\/wp-json\/wp\/v2\/pages"}],"about":[{"href":"https:\/\/www.marcouyeux-associees.com\/en\/wp-json\/wp\/v2\/types\/page"}],"author":[{"embeddable":true,"href":"https:\/\/www.marcouyeux-associees.com\/en\/wp-json\/wp\/v2\/users\/2"}],"replies":[{"embeddable":true,"href":"https:\/\/www.marcouyeux-associees.com\/en\/wp-json\/wp\/v2\/comments?post=3523"}],"version-history":[{"count":2,"href":"https:\/\/www.marcouyeux-associees.com\/en\/wp-json\/wp\/v2\/pages\/3523\/revisions"}],"predecessor-version":[{"id":3526,"href":"https:\/\/www.marcouyeux-associees.com\/en\/wp-json\/wp\/v2\/pages\/3523\/revisions\/3526"}],"wp:attachment":[{"href":"https:\/\/www.marcouyeux-associees.com\/en\/wp-json\/wp\/v2\/media?parent=3523"}],"curies":[{"name":"wp","href":"https:\/\/api.w.org\/{rel}","templated":true}]}}