{"id":3534,"date":"2019-06-25T14:27:33","date_gmt":"2019-06-25T12:27:33","guid":{"rendered":"https:\/\/dev-marcouyeux.allyouneediscom.net\/services-a-destination-de-confreres\/"},"modified":"2019-07-08T17:06:27","modified_gmt":"2019-07-08T15:06:27","slug":"dear-colleagues","status":"publish","type":"page","link":"https:\/\/www.marcouyeux-associees.com\/en\/dear-colleagues\/","title":{"rendered":"Dear Colleagues"},"content":{"rendered":"<section   class=\"fw-main-row-custom fw-main-row-top fw-section-no-padding  auto  fw-section-position-back tf-sh-b2a0e68f792df356d3b5436a9c8d638e\"    >\n\t\t\t<div class=\"fw-container\" >\n\t\t<div class=\"fw-row\">\n\t<div id=\"column-69f9c70ea98b5\" class=\"fw-col-sm-12 tf-sh-31d4e97fe55c635328752debbe3d0214\" >\n\t<div class=\"fw-wrap-col-inner clearfix  \"   >\n\t\t\t\t<div class=\"fw-col-inner\">\n\t\t\t<div class=\"fw-heading fw-heading-center  tf-sh-1aba535e3d5251950324890bb5a7e68f\" >\n\t\t\t<h1 class=\"fw-special-title\">Dear Colleagues<\/h1>\n\t\n\t\n\t<\/div><div class=\"fw-divider-space space-md  clearfix\"  ><\/div>\t\t<\/div>\n\t<\/div>\n<\/div><\/div>\n\n<div class=\"fw-row\">\n\t<div id=\"column-69f9c70eaa001\" class=\"fw-col-sm-4 tf-sh-2b5b65c97344c7a85c72b86d3fe58317\" >\n\t<div class=\"fw-wrap-col-inner clearfix  \"   >\n\t\t\t\t<div class=\"fw-col-inner\">\n\t\t\t\n\t\n\t\t<div class=\"fw-block-image-parent  \"  style=\"width: 100%; \">\n\t\t\t<span class=\"fw-block-image-child fw-ratio-2-3 fw-ratio-container\">\n\t\t\t\t<noscript itemscope itemtype=\"https:\/\/schema.org\/ImageObject\" itemprop=\"image\"><img decoding=\"async\" src=\"https:\/\/www.marcouyeux-associees.com\/wp-content\/uploads\/2019\/07\/Pages-confre\u0300res.jpg\"  alt=\"Pages-confre\u0300res\" data-maxdpr=\"1.7\" class=\"lazyload\" \/><meta itemprop=\"url\" content=\"https:\/\/www.marcouyeux-associees.com\/wp-content\/uploads\/2019\/07\/Pages-confre\u0300res.jpg\"><meta itemprop=\"width\" content=\"850\"><meta itemprop=\"height\" content=\"1273\"><\/noscript><img decoding=\"async\" src=\"data:image\/gif;base64,R0lGODlhAQABAIAAAAAAAP\/\/\/yH5BAEAAAAALAAAAAABAAEAAAIBRAA7\" data-sizes=\"auto\" data-srcset=\"https:\/\/www.marcouyeux-associees.com\/wp-content\/uploads\/2019\/07\/Pages-confre\u0300res-200x300.jpg 200w, https:\/\/www.marcouyeux-associees.com\/wp-content\/uploads\/2019\/07\/Pages-confre\u0300res-768x1150.jpg 768w, https:\/\/www.marcouyeux-associees.com\/wp-content\/uploads\/2019\/07\/Pages-confre\u0300res-684x1024.jpg 684w, https:\/\/www.marcouyeux-associees.com\/wp-content\/uploads\/2019\/07\/Pages-confre\u0300res.jpg 850w\"   alt=\"Pages-confre\u0300res\" data-maxdpr=\"1.7\" class=\"lazyload\" \/>\t\t\t\t\t\t\t<\/span>\n\t\t<\/div>\n\n\t\n\t\t<\/div>\n\t<\/div>\n<\/div><div id=\"column-69f9c70eaae5d\" class=\"fw-col-sm-8 tf-sh-5b37dcd09ce31ad39f5755e7a8fc84ad  fw-col-no-padding\" >\n\t<div class=\"fw-wrap-col-inner clearfix  \"   >\n\t\t\t\t<div class=\"fw-col-inner\">\n\t\t\t<div class=\"fw-divider-space  fw-custom-space  clearfix\" style=\"height:95px;\" ><\/div><div class=\"fw-text-box tf-sh-b9bb0794efe2d2501149b27596daaec6 \" >\n\t<div class=\"fw-text-inner\">\n\t\t<p style=\"text-align: justify;\">Dear Colleagues,<\/p>\n<p style=\"text-align: justify;\">We are proud of the trust many of you have bestowed on us by asking us to represent your clients before the first instance courts in Marseille and the Aix-en-Provence Court of Appeal during the pre-trial stage of litigation entrusted to you.<\/p>\n<p style=\"text-align: justify;\">Beside representation, the whole team is available to perform any additional assignments you cannot perform because of the distance, or to save your client money.<\/p>\n<p style=\"text-align: justify;\">Our experience and organisation and the good relations we have with judges and court clerks ensure that the assignment you entrust to us are performed efficiently and effectively.<\/p>\n<p style=\"text-align: justify;\">Yours Faithfully,<\/p>\n\t<\/div>\n<\/div>\t\t<\/div>\n\t<\/div>\n<\/div><\/div>\n\n\t<\/div>\n\t<\/section>\n","protected":false},"excerpt":{"rendered":"<p>Dear Colleagues Dear Colleagues, We are proud of the trust many of you have bestowed on us by asking us to represent your clients before the first instance courts in Marseille and the Aix-en-Provence Court of Appeal during the pre-trial stage of litigation entrusted to you. Beside representation, the whole team is available to perform [&hellip;]<\/p>\n","protected":false},"author":2,"featured_media":0,"parent":0,"menu_order":0,"comment_status":"closed","ping_status":"closed","template":"","meta":{"inline_featured_image":false,"footnotes":""},"class_list":["post-3534","page","type-page","status-publish","hentry"],"yoast_head":"<!-- This site is optimized with the Yoast SEO plugin v25.6 - https:\/\/yoast.com\/wordpress\/plugins\/seo\/ -->\n<title>Dear Colleagues - Marcouyeux &amp; Associ\u00e9es<\/title>\n<meta name=\"robots\" content=\"index, follow, max-snippet:-1, max-image-preview:large, max-video-preview:-1\" \/>\n<link rel=\"canonical\" href=\"https:\/\/www.marcouyeux-associees.com\/en\/dear-colleagues\/\" \/>\n<meta property=\"og:locale\" content=\"en_US\" \/>\n<meta property=\"og:type\" content=\"article\" \/>\n<meta property=\"og:title\" content=\"Dear Colleagues - Marcouyeux &amp; Associ\u00e9es\" \/>\n<meta property=\"og:description\" content=\"Dear Colleagues Dear Colleagues, We are proud of the trust many of you have bestowed on us by asking us to represent your clients before the first instance courts in Marseille and the Aix-en-Provence Court of Appeal during the pre-trial stage of litigation entrusted to you. Beside representation, the whole team is available to perform [&hellip;]\" \/>\n<meta property=\"og:url\" content=\"https:\/\/www.marcouyeux-associees.com\/en\/dear-colleagues\/\" \/>\n<meta property=\"og:site_name\" content=\"Marcouyeux &amp; Associ\u00e9es\" \/>\n<meta property=\"article:modified_time\" content=\"2019-07-08T15:06:27+00:00\" \/>\n<meta property=\"og:image\" content=\"https:\/\/www.marcouyeux-associees.com\/wp-content\/uploads\/2019\/07\/Pages-confre\u0300res.jpg\" \/>\n<meta name=\"twitter:card\" content=\"summary_large_image\" \/>\n<meta name=\"twitter:label1\" content=\"Est. reading time\" \/>\n\t<meta name=\"twitter:data1\" content=\"1 minute\" \/>\n<script type=\"application\/ld+json\" class=\"yoast-schema-graph\">{\"@context\":\"https:\/\/schema.org\",\"@graph\":[{\"@type\":\"WebPage\",\"@id\":\"https:\/\/www.marcouyeux-associees.com\/en\/dear-colleagues\/\",\"url\":\"https:\/\/www.marcouyeux-associees.com\/en\/dear-colleagues\/\",\"name\":\"Dear Colleagues - Marcouyeux &amp; Associ\u00e9es\",\"isPartOf\":{\"@id\":\"https:\/\/www.marcouyeux-associees.com\/en\/#website\"},\"datePublished\":\"2019-06-25T12:27:33+00:00\",\"dateModified\":\"2019-07-08T15:06:27+00:00\",\"breadcrumb\":{\"@id\":\"https:\/\/www.marcouyeux-associees.com\/en\/dear-colleagues\/#breadcrumb\"},\"inLanguage\":\"en-US\",\"potentialAction\":[{\"@type\":\"ReadAction\",\"target\":[\"https:\/\/www.marcouyeux-associees.com\/en\/dear-colleagues\/\"]}]},{\"@type\":\"BreadcrumbList\",\"@id\":\"https:\/\/www.marcouyeux-associees.com\/en\/dear-colleagues\/#breadcrumb\",\"itemListElement\":[{\"@type\":\"ListItem\",\"position\":1,\"name\":\"Home\",\"item\":\"https:\/\/www.marcouyeux-associees.com\/en\/\"},{\"@type\":\"ListItem\",\"position\":2,\"name\":\"Dear Colleagues\"}]},{\"@type\":\"WebSite\",\"@id\":\"https:\/\/www.marcouyeux-associees.com\/en\/#website\",\"url\":\"https:\/\/www.marcouyeux-associees.com\/en\/\",\"name\":\"Marcouyeux &amp; Associ\u00e9es\",\"description\":\"Cabinet d&#039;avocats \u00e0 Marseille sp\u00e9cialis\u00e9 en Droit des transports et Droit maritime\",\"publisher\":{\"@id\":\"https:\/\/www.marcouyeux-associees.com\/en\/#organization\"},\"potentialAction\":[{\"@type\":\"SearchAction\",\"target\":{\"@type\":\"EntryPoint\",\"urlTemplate\":\"https:\/\/www.marcouyeux-associees.com\/en\/?s={search_term_string}\"},\"query-input\":{\"@type\":\"PropertyValueSpecification\",\"valueRequired\":true,\"valueName\":\"search_term_string\"}}],\"inLanguage\":\"en-US\"},{\"@type\":\"Organization\",\"@id\":\"https:\/\/www.marcouyeux-associees.com\/en\/#organization\",\"name\":\"Cabinet d'Avocats Marcouyeux et Associ\u00e9es\",\"url\":\"https:\/\/www.marcouyeux-associees.com\/en\/\",\"logo\":{\"@type\":\"ImageObject\",\"inLanguage\":\"en-US\",\"@id\":\"https:\/\/www.marcouyeux-associees.com\/en\/#\/schema\/logo\/image\/\",\"url\":\"https:\/\/www.marcouyeux-associees.com\/wp-content\/uploads\/2019\/04\/logo-marcouyeux-square.png\",\"contentUrl\":\"https:\/\/www.marcouyeux-associees.com\/wp-content\/uploads\/2019\/04\/logo-marcouyeux-square.png\",\"width\":500,\"height\":500,\"caption\":\"Cabinet d'Avocats Marcouyeux et Associ\u00e9es\"},\"image\":{\"@id\":\"https:\/\/www.marcouyeux-associees.com\/en\/#\/schema\/logo\/image\/\"}}]}<\/script>\n<!-- \/ Yoast SEO plugin. -->","yoast_head_json":{"title":"Dear Colleagues - Marcouyeux &amp; Associ\u00e9es","robots":{"index":"index","follow":"follow","max-snippet":"max-snippet:-1","max-image-preview":"max-image-preview:large","max-video-preview":"max-video-preview:-1"},"canonical":"https:\/\/www.marcouyeux-associees.com\/en\/dear-colleagues\/","og_locale":"en_US","og_type":"article","og_title":"Dear Colleagues - Marcouyeux &amp; Associ\u00e9es","og_description":"Dear Colleagues Dear Colleagues, We are proud of the trust many of you have bestowed on us by asking us to represent your clients before the first instance courts in Marseille and the Aix-en-Provence Court of Appeal during the pre-trial stage of litigation entrusted to you. Beside representation, the whole team is available to perform [&hellip;]","og_url":"https:\/\/www.marcouyeux-associees.com\/en\/dear-colleagues\/","og_site_name":"Marcouyeux &amp; Associ\u00e9es","article_modified_time":"2019-07-08T15:06:27+00:00","og_image":[{"url":"https:\/\/www.marcouyeux-associees.com\/wp-content\/uploads\/2019\/07\/Pages-confre\u0300res.jpg","type":"","width":"","height":""}],"twitter_card":"summary_large_image","twitter_misc":{"Est. reading time":"1 minute"},"schema":{"@context":"https:\/\/schema.org","@graph":[{"@type":"WebPage","@id":"https:\/\/www.marcouyeux-associees.com\/en\/dear-colleagues\/","url":"https:\/\/www.marcouyeux-associees.com\/en\/dear-colleagues\/","name":"Dear Colleagues - Marcouyeux &amp; Associ\u00e9es","isPartOf":{"@id":"https:\/\/www.marcouyeux-associees.com\/en\/#website"},"datePublished":"2019-06-25T12:27:33+00:00","dateModified":"2019-07-08T15:06:27+00:00","breadcrumb":{"@id":"https:\/\/www.marcouyeux-associees.com\/en\/dear-colleagues\/#breadcrumb"},"inLanguage":"en-US","potentialAction":[{"@type":"ReadAction","target":["https:\/\/www.marcouyeux-associees.com\/en\/dear-colleagues\/"]}]},{"@type":"BreadcrumbList","@id":"https:\/\/www.marcouyeux-associees.com\/en\/dear-colleagues\/#breadcrumb","itemListElement":[{"@type":"ListItem","position":1,"name":"Home","item":"https:\/\/www.marcouyeux-associees.com\/en\/"},{"@type":"ListItem","position":2,"name":"Dear Colleagues"}]},{"@type":"WebSite","@id":"https:\/\/www.marcouyeux-associees.com\/en\/#website","url":"https:\/\/www.marcouyeux-associees.com\/en\/","name":"Marcouyeux &amp; Associ\u00e9es","description":"Cabinet d&#039;avocats \u00e0 Marseille sp\u00e9cialis\u00e9 en Droit des transports et Droit maritime","publisher":{"@id":"https:\/\/www.marcouyeux-associees.com\/en\/#organization"},"potentialAction":[{"@type":"SearchAction","target":{"@type":"EntryPoint","urlTemplate":"https:\/\/www.marcouyeux-associees.com\/en\/?s={search_term_string}"},"query-input":{"@type":"PropertyValueSpecification","valueRequired":true,"valueName":"search_term_string"}}],"inLanguage":"en-US"},{"@type":"Organization","@id":"https:\/\/www.marcouyeux-associees.com\/en\/#organization","name":"Cabinet d'Avocats Marcouyeux et Associ\u00e9es","url":"https:\/\/www.marcouyeux-associees.com\/en\/","logo":{"@type":"ImageObject","inLanguage":"en-US","@id":"https:\/\/www.marcouyeux-associees.com\/en\/#\/schema\/logo\/image\/","url":"https:\/\/www.marcouyeux-associees.com\/wp-content\/uploads\/2019\/04\/logo-marcouyeux-square.png","contentUrl":"https:\/\/www.marcouyeux-associees.com\/wp-content\/uploads\/2019\/04\/logo-marcouyeux-square.png","width":500,"height":500,"caption":"Cabinet d'Avocats Marcouyeux et Associ\u00e9es"},"image":{"@id":"https:\/\/www.marcouyeux-associees.com\/en\/#\/schema\/logo\/image\/"}}]}},"_links":{"self":[{"href":"https:\/\/www.marcouyeux-associees.com\/en\/wp-json\/wp\/v2\/pages\/3534"}],"collection":[{"href":"https:\/\/www.marcouyeux-associees.com\/en\/wp-json\/wp\/v2\/pages"}],"about":[{"href":"https:\/\/www.marcouyeux-associees.com\/en\/wp-json\/wp\/v2\/types\/page"}],"author":[{"embeddable":true,"href":"https:\/\/www.marcouyeux-associees.com\/en\/wp-json\/wp\/v2\/users\/2"}],"replies":[{"embeddable":true,"href":"https:\/\/www.marcouyeux-associees.com\/en\/wp-json\/wp\/v2\/comments?post=3534"}],"version-history":[{"count":5,"href":"https:\/\/www.marcouyeux-associees.com\/en\/wp-json\/wp\/v2\/pages\/3534\/revisions"}],"predecessor-version":[{"id":3978,"href":"https:\/\/www.marcouyeux-associees.com\/en\/wp-json\/wp\/v2\/pages\/3534\/revisions\/3978"}],"wp:attachment":[{"href":"https:\/\/www.marcouyeux-associees.com\/en\/wp-json\/wp\/v2\/media?parent=3534"}],"curies":[{"name":"wp","href":"https:\/\/api.w.org\/{rel}","templated":true}]}}