{"id":3596,"date":"2019-06-26T15:24:30","date_gmt":"2019-06-26T13:24:30","guid":{"rendered":"https:\/\/dev-marcouyeux.allyouneediscom.net\/nous-contacter\/"},"modified":"2020-06-26T11:22:27","modified_gmt":"2020-06-26T09:22:27","slug":"contact-us","status":"publish","type":"page","link":"https:\/\/www.marcouyeux-associees.com\/en\/contact-us\/","title":{"rendered":"Contact us"},"content":{"rendered":"<p><section   class=\"fw-main-row-custom fw-main-row-top fw-section-no-padding  auto  fw-section-position-back tf-sh-8899a93a08d0878266c30ffb4e8a3edf\"    >\n\t\t\t<div class=\"fw-container\" >\n\t\t<div class=\"fw-row\">\n\t<div id=\"column-69f5bf40eec5d\" class=\"fw-col-sm-12 tf-sh-a83a5724d36164b061ab933a3983210f\" >\n\t<div class=\"fw-wrap-col-inner clearfix  \"   >\n\t\t\t\t<div class=\"fw-col-inner\">\n\t\t\t<div class=\"fw-heading fw-heading-center  tf-sh-aaef9f7a9520a5f28398e3aded816729\" >\n\t\t\t<h1 class=\"fw-special-title\">Contact<\/h1>\n\t\n\t\n\t<\/div><div class=\"fw-divider-space space-md  clearfix\"  ><\/div>\t\t<\/div>\n\t<\/div>\n<\/div><\/div>\n\n\t<\/div>\n\t<\/section><section   class=\"fw-main-row-custom fw-section-no-padding  auto  fw-section-position-back tf-sh-a57a905712bfaee762640f6f76fa5560\"    >\n\t\t\t<div class=\"fw-container\" >\n\t\t<div class=\"fw-row\">\n\t<div id=\"column-69f5bf40ef57f\" class=\"fw-col-sm-12 tf-sh-619c5d349c63df95978ef29b361438ed\" >\n\t<div class=\"fw-wrap-col-inner clearfix  \"   >\n\t\t\t\t<div class=\"fw-col-inner\">\n\t\t\t\n\t\n\t\t<div class=\"fw-block-image-parent  fw-block-image-center\"  style=\"width: 640px; \">\n\t\t\t<span class=\"fw-block-image-child fw-ratio-3-2 fw-ratio-container\">\n\t\t\t\t<noscript itemscope itemtype=\"https:\/\/schema.org\/ImageObject\" itemprop=\"image\"><img decoding=\"async\" src=\"https:\/\/www.marcouyeux-associees.com\/wp-content\/uploads\/2019\/08\/Marcouyeux-Associe-MP-9454-e1567071668125.jpg\"  alt=\"Marcouyeux&#038; Associe-MP-9454\" data-maxdpr=\"1.7\" width=\"640\" class=\"lazyload\" \/><meta itemprop=\"url\" content=\"https:\/\/www.marcouyeux-associees.com\/wp-content\/uploads\/2019\/08\/Marcouyeux-Associe-MP-9454-e1567071668125.jpg\"><meta itemprop=\"width\" content=\"1200\"><meta itemprop=\"height\" content=\"801\"><\/noscript><img decoding=\"async\" src=\"data:image\/gif;base64,R0lGODlhAQABAIAAAAAAAP\/\/\/yH5BAEAAAAALAAAAAABAAEAAAIBRAA7\" data-sizes=\"auto\" data-srcset=\"https:\/\/www.marcouyeux-associees.com\/wp-content\/uploads\/2019\/08\/Marcouyeux-Associe-MP-9454-300x200.jpg 300w, https:\/\/www.marcouyeux-associees.com\/wp-content\/uploads\/2019\/08\/Marcouyeux-Associe-MP-9454-768x513.jpg 768w, https:\/\/www.marcouyeux-associees.com\/wp-content\/uploads\/2019\/08\/Marcouyeux-Associe-MP-9454-1024x684.jpg 1024w, https:\/\/www.marcouyeux-associees.com\/wp-content\/uploads\/2019\/08\/Marcouyeux-Associe-MP-9454-600x400.jpg 600w, https:\/\/www.marcouyeux-associees.com\/wp-content\/uploads\/2019\/08\/Marcouyeux-Associe-MP-9454-1200x800.jpg 1200w, https:\/\/www.marcouyeux-associees.com\/wp-content\/uploads\/2019\/08\/Marcouyeux-Associe-MP-9454-e1567071668125.jpg 1200w\"   alt=\"Marcouyeux&#038; Associe-MP-9454\" data-maxdpr=\"1.7\" width=\"640\" class=\"lazyload\" \/>\t\t\t\t\t\t\t<\/span>\n\t\t<\/div>\n\n\t\n<div class=\"fw-divider-space space-lg  clearfix\"  ><\/div><div class=\"fw-heading fw-heading-center  tf-sh-b8f3746a440df1809ce67e5317695494\" >\n\t\t\t<h4 class=\"fw-special-title\">Marcouyeux et Associ\u00e9es<\/h4>\n\t\n\t\n\t<\/div><div class=\"fw-text-box tf-sh-ebe9c54358cf9e52dfdd084033f4f0dc  fw-desktop-hide-element fw-tablet-landscape-hide-element\" >\n\t<div class=\"fw-text-inner\">\n\t\t<p style=\"text-align: center;\"><a style=\"color: #092327;\" href=\"mailto: contact@marcouyeux-associees.com\"> contact[a]marcouyeux-associees.com<\/a><\/p>\n<p style=\"text-align: center;\"><a style=\"color: #092327;\" href=\"tel:+33491541225\">TEL : 0033 491 541 225 <\/a><\/p>\n<p style=\"text-align: center;\">FAX : 0033 491 541 226<\/p>\n<p style=\"text-align: center;\">36 rue Roux de Brignoles \u2013 BP 206<\/p>\n<p style=\"text-align: center;\">13178 MARSEILLE CEDEX 20<\/p>\n<p style=\"text-align: center;\">France<\/p>\n\t<\/div>\n<\/div><div class=\"fw-text-box tf-sh-a65eed95cc0a80d64d66fd993a9e044a  fw-tablet-hide-element fw-mobile-hide-element\" >\n\t<div class=\"fw-text-inner\">\n\t\t<p style=\"text-align: center;\"><a style=\"color: #092327;\" href=\"mailto: contact@marcouyeux-associees.com\"> contact[a]marcouyeux-associees.com<\/a><\/p>\n<p style=\"text-align: center;\"><a style=\"color: #092327;\" href=\"tel:+33491541225\">TEL\u00a0: 0033 491 541 225 <\/a>\u2013 FAX\u00a0: 0033 491 541 226<\/p>\n<p style=\"text-align: center;\">36 rue Roux de Brignoles \u2013 BP 206<\/p>\n<p style=\"text-align: center;\">13178 MARSEILLE CEDEX 20<\/p>\n<p style=\"text-align: center;\">France<\/p>\n\t<\/div>\n<\/div><div class=\"fw-divider-space space-md  clearfix\"  ><\/div>\t\t<\/div>\n\t<\/div>\n<\/div><\/div>\n\n\t<\/div>\n\t<\/section><section  id=\"map\" class=\"fw-main-row-custom fw-section-no-padding  auto  fw-section-position-back tf-sh-99e482bab9d65c93c86543c7c2c11e7e\"    >\n\t\t\t<div class=\"fw-container\" >\n\t\t<div class=\"fw-row\">\n\t<div id=\"column-69f5bf40f0bf9\" class=\"fw-col-sm-12 tf-sh-04c54e0a53e45ec6e2aa5dac45e2770a\" >\n\t<div class=\"fw-wrap-col-inner clearfix  \"   >\n\t\t\t\t<div class=\"fw-col-inner\">\n\t\t\t\n\t\t\t<div class=\"fw-block-image-parent fw-overlay-1 fw-block-image-icon  \"  style=\"width: 100%; \">\n\t\t\t<a class=\"fw-block-image-child fw-ratio-16-9 fw-ratio-container \" href=\"https:\/\/www.google.com\/maps\/place\/36+Rue+Roux+de+Brignoles,+13006+Marseille\/@43.2911099,5.3800975,14z\/data=!4m5!3m4!1s0x12c9c0b7ee2094f5:0x67e4686880bd028a!8m2!3d43.289712!4d5.3739027\" target=&#039;_blank&#039;>\n\t\t\t\t<noscript itemscope itemtype=\"https:\/\/schema.org\/ImageObject\" itemprop=\"image\"><img decoding=\"async\" src=\"https:\/\/www.marcouyeux-associees.com\/wp-content\/uploads\/2020\/06\/map-36-brignolles.jpg\"  alt=\"Map Marseille\" data-maxdpr=\"1.7\" class=\"lazyload\" \/><meta itemprop=\"url\" content=\"https:\/\/www.marcouyeux-associees.com\/wp-content\/uploads\/2020\/06\/map-36-brignolles.jpg\"><meta itemprop=\"width\" content=\"1500\"><meta itemprop=\"height\" content=\"1347\"><\/noscript><img decoding=\"async\" src=\"data:image\/gif;base64,R0lGODlhAQABAIAAAAAAAP\/\/\/yH5BAEAAAAALAAAAAABAAEAAAIBRAA7\" data-sizes=\"auto\" data-srcset=\"https:\/\/www.marcouyeux-associees.com\/wp-content\/uploads\/2020\/06\/map-36-brignolles-1228x691.jpg 1228w, https:\/\/www.marcouyeux-associees.com\/wp-content\/uploads\/2020\/06\/map-36-brignolles-614x346.jpg 614w, https:\/\/www.marcouyeux-associees.com\/wp-content\/uploads\/2020\/06\/map-36-brignolles-295x166.jpg 295w, https:\/\/www.marcouyeux-associees.com\/wp-content\/uploads\/2020\/06\/map-36-brignolles-590x332.jpg 590w\"   alt=\"Map Marseille\" data-maxdpr=\"1.7\" class=\"lazyload\" \/>\t\t\t\t                                    <div class=\"fw-block-image-overlay\">\n                        <div class=\"fw-itable\">\n                            <div class=\"fw-icell\">\n                                <i class=\"fw-icon-link\"><\/i>\n                            <\/div>\n                        <\/div>\n                    <\/div>\n                \t\t\t<\/a>\n\t\t<\/div>\n\t\n\t\t<\/div>\n\t<\/div>\n<\/div><\/div>\n\n\t<\/div>\n\t<\/section><\/p>\n","protected":false},"excerpt":{"rendered":"<p>Contact Marcouyeux et Associ\u00e9es contact[a]marcouyeux-associees.com TEL : 0033 491 541 225 FAX : 0033 491 541 226 36 rue Roux de Brignoles \u2013 BP 206 13178 MARSEILLE CEDEX 20 France contact[a]marcouyeux-associees.com TEL\u00a0: 0033 491 541 225 \u2013 FAX\u00a0: 0033 491 541 226 36 rue Roux de Brignoles \u2013 BP 206 13178 MARSEILLE CEDEX 20 France<\/p>\n","protected":false},"author":1,"featured_media":0,"parent":0,"menu_order":0,"comment_status":"closed","ping_status":"closed","template":"","meta":{"inline_featured_image":false,"footnotes":""},"class_list":["post-3596","page","type-page","status-publish","hentry"],"yoast_head":"<!-- This site is optimized with the Yoast SEO plugin v25.6 - https:\/\/yoast.com\/wordpress\/plugins\/seo\/ -->\n<title>Contact us - Marcouyeux &amp; Associ\u00e9es<\/title>\n<meta name=\"robots\" content=\"index, follow, max-snippet:-1, max-image-preview:large, max-video-preview:-1\" \/>\n<link rel=\"canonical\" href=\"https:\/\/www.marcouyeux-associees.com\/en\/contact-us\/\" \/>\n<meta property=\"og:locale\" content=\"en_US\" \/>\n<meta property=\"og:type\" content=\"article\" \/>\n<meta property=\"og:title\" content=\"Contact us - Marcouyeux &amp; Associ\u00e9es\" \/>\n<meta property=\"og:description\" content=\"Contact Marcouyeux et Associ\u00e9es contact[a]marcouyeux-associees.com TEL : 0033 491 541 225 FAX : 0033 491 541 226 36 rue Roux de Brignoles \u2013 BP 206 13178 MARSEILLE CEDEX 20 France contact[a]marcouyeux-associees.com TEL\u00a0: 0033 491 541 225 \u2013 FAX\u00a0: 0033 491 541 226 36 rue Roux de Brignoles \u2013 BP 206 13178 MARSEILLE CEDEX 20 France\" \/>\n<meta property=\"og:url\" content=\"https:\/\/www.marcouyeux-associees.com\/en\/contact-us\/\" \/>\n<meta property=\"og:site_name\" content=\"Marcouyeux &amp; Associ\u00e9es\" \/>\n<meta property=\"article:modified_time\" content=\"2020-06-26T09:22:27+00:00\" \/>\n<meta property=\"og:image\" content=\"https:\/\/www.marcouyeux-associees.com\/wp-content\/uploads\/2019\/08\/Marcouyeux-Associe-MP-9454-e1567071668125.jpg\" \/>\n<meta name=\"twitter:card\" content=\"summary_large_image\" \/>\n<script type=\"application\/ld+json\" class=\"yoast-schema-graph\">{\"@context\":\"https:\/\/schema.org\",\"@graph\":[{\"@type\":\"WebPage\",\"@id\":\"https:\/\/www.marcouyeux-associees.com\/en\/contact-us\/\",\"url\":\"https:\/\/www.marcouyeux-associees.com\/en\/contact-us\/\",\"name\":\"Contact us - Marcouyeux &amp; Associ\u00e9es\",\"isPartOf\":{\"@id\":\"https:\/\/www.marcouyeux-associees.com\/en\/#website\"},\"primaryImageOfPage\":{\"@id\":\"https:\/\/www.marcouyeux-associees.com\/en\/contact-us\/#primaryimage\"},\"image\":{\"@id\":\"https:\/\/www.marcouyeux-associees.com\/en\/contact-us\/#primaryimage\"},\"thumbnailUrl\":\"https:\/\/www.marcouyeux-associees.com\/wp-content\/uploads\/2019\/08\/Marcouyeux-Associe-MP-9454-e1567071668125.jpg\",\"datePublished\":\"2019-06-26T13:24:30+00:00\",\"dateModified\":\"2020-06-26T09:22:27+00:00\",\"breadcrumb\":{\"@id\":\"https:\/\/www.marcouyeux-associees.com\/en\/contact-us\/#breadcrumb\"},\"inLanguage\":\"en-US\",\"potentialAction\":[{\"@type\":\"ReadAction\",\"target\":[\"https:\/\/www.marcouyeux-associees.com\/en\/contact-us\/\"]}]},{\"@type\":\"ImageObject\",\"inLanguage\":\"en-US\",\"@id\":\"https:\/\/www.marcouyeux-associees.com\/en\/contact-us\/#primaryimage\",\"url\":\"https:\/\/www.marcouyeux-associees.com\/wp-content\/uploads\/2019\/08\/Marcouyeux-Associe-MP-9454-e1567071668125.jpg\",\"contentUrl\":\"https:\/\/www.marcouyeux-associees.com\/wp-content\/uploads\/2019\/08\/Marcouyeux-Associe-MP-9454-e1567071668125.jpg\"},{\"@type\":\"BreadcrumbList\",\"@id\":\"https:\/\/www.marcouyeux-associees.com\/en\/contact-us\/#breadcrumb\",\"itemListElement\":[{\"@type\":\"ListItem\",\"position\":1,\"name\":\"Home\",\"item\":\"https:\/\/www.marcouyeux-associees.com\/en\/\"},{\"@type\":\"ListItem\",\"position\":2,\"name\":\"Contact us\"}]},{\"@type\":\"WebSite\",\"@id\":\"https:\/\/www.marcouyeux-associees.com\/en\/#website\",\"url\":\"https:\/\/www.marcouyeux-associees.com\/en\/\",\"name\":\"Marcouyeux &amp; Associ\u00e9es\",\"description\":\"Cabinet d&#039;avocats \u00e0 Marseille sp\u00e9cialis\u00e9 en Droit des transports et Droit maritime\",\"publisher\":{\"@id\":\"https:\/\/www.marcouyeux-associees.com\/en\/#organization\"},\"potentialAction\":[{\"@type\":\"SearchAction\",\"target\":{\"@type\":\"EntryPoint\",\"urlTemplate\":\"https:\/\/www.marcouyeux-associees.com\/en\/?s={search_term_string}\"},\"query-input\":{\"@type\":\"PropertyValueSpecification\",\"valueRequired\":true,\"valueName\":\"search_term_string\"}}],\"inLanguage\":\"en-US\"},{\"@type\":\"Organization\",\"@id\":\"https:\/\/www.marcouyeux-associees.com\/en\/#organization\",\"name\":\"Cabinet d'Avocats Marcouyeux et Associ\u00e9es\",\"url\":\"https:\/\/www.marcouyeux-associees.com\/en\/\",\"logo\":{\"@type\":\"ImageObject\",\"inLanguage\":\"en-US\",\"@id\":\"https:\/\/www.marcouyeux-associees.com\/en\/#\/schema\/logo\/image\/\",\"url\":\"https:\/\/www.marcouyeux-associees.com\/wp-content\/uploads\/2019\/04\/logo-marcouyeux-square.png\",\"contentUrl\":\"https:\/\/www.marcouyeux-associees.com\/wp-content\/uploads\/2019\/04\/logo-marcouyeux-square.png\",\"width\":500,\"height\":500,\"caption\":\"Cabinet d'Avocats Marcouyeux et Associ\u00e9es\"},\"image\":{\"@id\":\"https:\/\/www.marcouyeux-associees.com\/en\/#\/schema\/logo\/image\/\"}}]}<\/script>\n<!-- \/ Yoast SEO plugin. -->","yoast_head_json":{"title":"Contact us - Marcouyeux &amp; Associ\u00e9es","robots":{"index":"index","follow":"follow","max-snippet":"max-snippet:-1","max-image-preview":"max-image-preview:large","max-video-preview":"max-video-preview:-1"},"canonical":"https:\/\/www.marcouyeux-associees.com\/en\/contact-us\/","og_locale":"en_US","og_type":"article","og_title":"Contact us - Marcouyeux &amp; Associ\u00e9es","og_description":"Contact Marcouyeux et Associ\u00e9es contact[a]marcouyeux-associees.com TEL : 0033 491 541 225 FAX : 0033 491 541 226 36 rue Roux de Brignoles \u2013 BP 206 13178 MARSEILLE CEDEX 20 France contact[a]marcouyeux-associees.com TEL\u00a0: 0033 491 541 225 \u2013 FAX\u00a0: 0033 491 541 226 36 rue Roux de Brignoles \u2013 BP 206 13178 MARSEILLE CEDEX 20 France","og_url":"https:\/\/www.marcouyeux-associees.com\/en\/contact-us\/","og_site_name":"Marcouyeux &amp; Associ\u00e9es","article_modified_time":"2020-06-26T09:22:27+00:00","og_image":[{"url":"https:\/\/www.marcouyeux-associees.com\/wp-content\/uploads\/2019\/08\/Marcouyeux-Associe-MP-9454-e1567071668125.jpg","type":"","width":"","height":""}],"twitter_card":"summary_large_image","schema":{"@context":"https:\/\/schema.org","@graph":[{"@type":"WebPage","@id":"https:\/\/www.marcouyeux-associees.com\/en\/contact-us\/","url":"https:\/\/www.marcouyeux-associees.com\/en\/contact-us\/","name":"Contact us - Marcouyeux &amp; Associ\u00e9es","isPartOf":{"@id":"https:\/\/www.marcouyeux-associees.com\/en\/#website"},"primaryImageOfPage":{"@id":"https:\/\/www.marcouyeux-associees.com\/en\/contact-us\/#primaryimage"},"image":{"@id":"https:\/\/www.marcouyeux-associees.com\/en\/contact-us\/#primaryimage"},"thumbnailUrl":"https:\/\/www.marcouyeux-associees.com\/wp-content\/uploads\/2019\/08\/Marcouyeux-Associe-MP-9454-e1567071668125.jpg","datePublished":"2019-06-26T13:24:30+00:00","dateModified":"2020-06-26T09:22:27+00:00","breadcrumb":{"@id":"https:\/\/www.marcouyeux-associees.com\/en\/contact-us\/#breadcrumb"},"inLanguage":"en-US","potentialAction":[{"@type":"ReadAction","target":["https:\/\/www.marcouyeux-associees.com\/en\/contact-us\/"]}]},{"@type":"ImageObject","inLanguage":"en-US","@id":"https:\/\/www.marcouyeux-associees.com\/en\/contact-us\/#primaryimage","url":"https:\/\/www.marcouyeux-associees.com\/wp-content\/uploads\/2019\/08\/Marcouyeux-Associe-MP-9454-e1567071668125.jpg","contentUrl":"https:\/\/www.marcouyeux-associees.com\/wp-content\/uploads\/2019\/08\/Marcouyeux-Associe-MP-9454-e1567071668125.jpg"},{"@type":"BreadcrumbList","@id":"https:\/\/www.marcouyeux-associees.com\/en\/contact-us\/#breadcrumb","itemListElement":[{"@type":"ListItem","position":1,"name":"Home","item":"https:\/\/www.marcouyeux-associees.com\/en\/"},{"@type":"ListItem","position":2,"name":"Contact us"}]},{"@type":"WebSite","@id":"https:\/\/www.marcouyeux-associees.com\/en\/#website","url":"https:\/\/www.marcouyeux-associees.com\/en\/","name":"Marcouyeux &amp; Associ\u00e9es","description":"Cabinet d&#039;avocats \u00e0 Marseille sp\u00e9cialis\u00e9 en Droit des transports et Droit maritime","publisher":{"@id":"https:\/\/www.marcouyeux-associees.com\/en\/#organization"},"potentialAction":[{"@type":"SearchAction","target":{"@type":"EntryPoint","urlTemplate":"https:\/\/www.marcouyeux-associees.com\/en\/?s={search_term_string}"},"query-input":{"@type":"PropertyValueSpecification","valueRequired":true,"valueName":"search_term_string"}}],"inLanguage":"en-US"},{"@type":"Organization","@id":"https:\/\/www.marcouyeux-associees.com\/en\/#organization","name":"Cabinet d'Avocats Marcouyeux et Associ\u00e9es","url":"https:\/\/www.marcouyeux-associees.com\/en\/","logo":{"@type":"ImageObject","inLanguage":"en-US","@id":"https:\/\/www.marcouyeux-associees.com\/en\/#\/schema\/logo\/image\/","url":"https:\/\/www.marcouyeux-associees.com\/wp-content\/uploads\/2019\/04\/logo-marcouyeux-square.png","contentUrl":"https:\/\/www.marcouyeux-associees.com\/wp-content\/uploads\/2019\/04\/logo-marcouyeux-square.png","width":500,"height":500,"caption":"Cabinet d'Avocats Marcouyeux et Associ\u00e9es"},"image":{"@id":"https:\/\/www.marcouyeux-associees.com\/en\/#\/schema\/logo\/image\/"}}]}},"_links":{"self":[{"href":"https:\/\/www.marcouyeux-associees.com\/en\/wp-json\/wp\/v2\/pages\/3596"}],"collection":[{"href":"https:\/\/www.marcouyeux-associees.com\/en\/wp-json\/wp\/v2\/pages"}],"about":[{"href":"https:\/\/www.marcouyeux-associees.com\/en\/wp-json\/wp\/v2\/types\/page"}],"author":[{"embeddable":true,"href":"https:\/\/www.marcouyeux-associees.com\/en\/wp-json\/wp\/v2\/users\/1"}],"replies":[{"embeddable":true,"href":"https:\/\/www.marcouyeux-associees.com\/en\/wp-json\/wp\/v2\/comments?post=3596"}],"version-history":[{"count":27,"href":"https:\/\/www.marcouyeux-associees.com\/en\/wp-json\/wp\/v2\/pages\/3596\/revisions"}],"predecessor-version":[{"id":4311,"href":"https:\/\/www.marcouyeux-associees.com\/en\/wp-json\/wp\/v2\/pages\/3596\/revisions\/4311"}],"wp:attachment":[{"href":"https:\/\/www.marcouyeux-associees.com\/en\/wp-json\/wp\/v2\/media?parent=3596"}],"curies":[{"name":"wp","href":"https:\/\/api.w.org\/{rel}","templated":true}]}}